{"id":11394,"date":"2015-05-14T08:06:31","date_gmt":"2015-05-14T06:06:31","guid":{"rendered":"https:\/\/ilcarrozziere.it\/blog\/?page_id=11394"},"modified":"2024-07-01T15:30:39","modified_gmt":"2024-07-01T13:30:39","slug":"gestione-completa-della-riparazione-di-carrozzeria","status":"publish","type":"page","link":"https:\/\/ilcarrozziere.it\/blog\/gestione-completa-della-riparazione-di-carrozzeria\/","title":{"rendered":"Gestione completa della riparazione di carrozzeria"},"content":{"rendered":"<p><a style=\"font-size: 13px;\" href=\"https:\/\/ilcarrozziere.it\/blog\/wp-content\/uploads\/2015\/05\/uesse_slides.jpg\"><img decoding=\"async\" class=\"lazyload alignleft size-full wp-image-11397\" alt=\"uesse_slides\" src=\"https:\/\/ilcarrozziere.it\/blog\/wp-content\/uploads\/2015\/05\/uesse_slides.jpg\" data-orig-src=\"https:\/\/ilcarrozziere.it\/blog\/wp-content\/uploads\/2015\/05\/uesse_slides.jpg\" width=\"970\" height=\"540\" srcset=\"data:image\/svg+xml,%3Csvg%20xmlns%3D%27http%3A%2F%2Fwww.w3.org%2F2000%2Fsvg%27%20width%3D%27970%27%20height%3D%27540%27%20viewBox%3D%270%200%20970%20540%27%3E%3Crect%20width%3D%27970%27%20height%3D%27540%27%20fill-opacity%3D%220%22%2F%3E%3C%2Fsvg%3E\" data-srcset=\"https:\/\/ilcarrozziere.it\/blog\/wp-content\/uploads\/2015\/05\/uesse_slides-300x167.jpg 300w, https:\/\/ilcarrozziere.it\/blog\/wp-content\/uploads\/2015\/05\/uesse_slides.jpg 970w\" data-sizes=\"auto\" data-orig-sizes=\"(max-width: 970px) 100vw, 970px\" \/><\/a><\/p>\n<p>&nbsp;<\/p>\n<table border=\"0\" cellspacing=\"0\" cellpadding=\"10\">\n<tbody>\n<tr>\n<td valign=\"top\" width=\"28%\"><strong>CarGEST<\/strong><br \/>\nGli strumenti di analisi contabile che fino a ieri erano prerogativa solo delle grandi aziende, oggi sono disponibili anche in carrozzeria.<br \/>\nNon servono particolari competenze, ma solo l&#8217;esperienza ed il fiuto dell&#8217;imprenditore che ha bisogno di pochi dati ma essenziali per decidere velocemente e meglio. Una serie di indicatori a cruscotto ti faranno vedere immediatamente alcuni parametri fondamentali (il costo reale dell&#8217;ora lavorata, l&#8217;efficienza dell&#8217;impresa, dove guadagni e dove perdi e perch\u00e8), per capire davvero in tempo reale l&#8217;andamento economico della tua azienda.<\/td>\n<td width=\"44%\"><strong>Oltre3D<\/strong><br \/>\n\u00c8 il software per gestire a 360 gradi la carrozzeria:<br \/>\n1. Gestione avanzata delle pratiche e dei sinistri atta a far risparmiare del tempo<br \/>\nall\u2019operatore;<br \/>\n2. Preventivazione con banche dati complete e tecnologie all\u2019avanguardia per il calcolo dei tempi;<br \/>\n3. Creazione del consuntivo con le ore lavorate per verificare il costo reale della riparazione e confrontarlo con il preventivo;<br \/>\n4. Creazione automatica di tutti i documenti fiscali partendo dal preventivo;<br \/>\n5. Personalizzazione delle finestre del programma cos\u00ec come di tutti i moduli stampati in ogni loro forma;<br \/>\n6. Supporto di tutti i formati per la trasmissione via e-mail delle pratiche a periti, assicurazioni, flotte, avvocati, clienti privati;<br \/>\n7. Fidelizzazione dei clienti attraverso l\u2019utilizzo di tutte le informazioni sui propri clienti raccolte nel corso degli anni.<\/td>\n<td valign=\"top\" width=\"28%\"><strong>TouchFlow!<\/strong><br \/>\n\u00c8 il sistema che ti consente di gestire e controllare le lavorazioni del reparto operativo e di raccogliere i dati per sapere qual \u00e8 il reale costo orario della carrozzeria, permettendo di avere sempre sotto controllo ogni lavorazione nel dettaglio, offrendo la possibilit\u00e0 di migliorare la gestione del personale e ridurre i tempi morti.<br \/>\nIdeato inizialmente per le carrozzerie medio-grandi, \u00e8 oggi diventato uno strumento indispensabile anche nelle carrozzerie di dimensioni pi\u00f9 piccole grazie alle versioni pi\u00f9 leggere che si possono adattare ad ogni esigenza, tanto che \u00e8 possibile utilizzarlo da solo o con programmi diversi da Oltre3D.<\/td>\n<\/tr>\n<\/tbody>\n<\/table>\n<p>&nbsp;<\/p>\n<p>&nbsp;<\/p>\n<p><a title=\"UESSE\" href=\"http:\/\/www.uesse.com\/\" target=\"_blank\" rel=\"noopener\"><img decoding=\"async\" class=\"lazyload alignleft size-full wp-image-11410\" alt=\"logo_uesse\" src=\"data:image\/svg+xml,%3Csvg%20xmlns%3D%27http%3A%2F%2Fwww.w3.org%2F2000%2Fsvg%27%20width%3D%2792%27%20height%3D%2780%27%20viewBox%3D%270%200%2092%2080%27%3E%3Crect%20width%3D%2792%27%20height%3D%2780%27%20fill-opacity%3D%220%22%2F%3E%3C%2Fsvg%3E\" data-orig-src=\"https:\/\/ilcarrozziere.it\/blog\/wp-content\/uploads\/2015\/05\/logo_uesse1.png\" width=\"92\" height=\"80\" \/><\/a><br \/>\n<strong>UESSE S.r.l.<\/strong> &#8211; Via Pieragostini, 73 &#8211; 16151 Genova (GE) &#8211; Tel. +39 010 6459793 &#8211; posta@uesse.com &#8211; www.uesse.com<br \/>\nLa missione di UESSE, societ\u00e0 certificata ISO 9001, \u00e8 di sviluppare e promuovere le nuove tecnologie per migliorare la gestione e l\u2019andamento delle aziende del mercato automotive.<\/p>\n<p><em><strong>\u00a0<\/strong><\/em><\/p>\n","protected":false},"excerpt":{"rendered":"<p>&nbsp; CarGEST Gli strumenti di analisi contabile che fino a ieri erano prerogativa solo delle grandi aziende, oggi sono disponibili anche in carrozzeria. Non servono particolari competenze, ma solo l&#8217;esperienza ed il fiuto [&hellip;]<\/p>\n","protected":false},"author":1,"featured_media":0,"parent":0,"menu_order":0,"comment_status":"open","ping_status":"open","template":"","meta":[],"_links":{"self":[{"href":"https:\/\/ilcarrozziere.it\/blog\/wp-json\/wp\/v2\/pages\/11394"}],"collection":[{"href":"https:\/\/ilcarrozziere.it\/blog\/wp-json\/wp\/v2\/pages"}],"about":[{"href":"https:\/\/ilcarrozziere.it\/blog\/wp-json\/wp\/v2\/types\/page"}],"author":[{"embeddable":true,"href":"https:\/\/ilcarrozziere.it\/blog\/wp-json\/wp\/v2\/users\/1"}],"replies":[{"embeddable":true,"href":"https:\/\/ilcarrozziere.it\/blog\/wp-json\/wp\/v2\/comments?post=11394"}],"version-history":[{"count":24,"href":"https:\/\/ilcarrozziere.it\/blog\/wp-json\/wp\/v2\/pages\/11394\/revisions"}],"predecessor-version":[{"id":18711,"href":"https:\/\/ilcarrozziere.it\/blog\/wp-json\/wp\/v2\/pages\/11394\/revisions\/18711"}],"wp:attachment":[{"href":"https:\/\/ilcarrozziere.it\/blog\/wp-json\/wp\/v2\/media?parent=11394"}],"curies":[{"name":"wp","href":"https:\/\/api.w.org\/{rel}","templated":true}]}}