{"id":8979,"date":"2014-06-17T15:30:33","date_gmt":"2014-06-17T14:30:33","guid":{"rendered":"http:\/\/new.ilcarrozziere.it\/?page_id=8979"},"modified":"2024-07-01T15:30:39","modified_gmt":"2024-07-01T13:30:39","slug":"guida-ai-reclami-ivass-e-alle-assicurazioni","status":"publish","type":"page","link":"https:\/\/ilcarrozziere.it\/blog\/guida-ai-reclami-ivass-e-alle-assicurazioni\/","title":{"rendered":"Guida ai reclami IVASS e alle assicurazioni"},"content":{"rendered":"<h1>Guida ai reclami IVASS e alle assicurazioni<\/h1>\n<p><img decoding=\"async\" class=\"lazyload alignnone size-full wp-image-8982\" alt=\"pdf_download\" src=\"data:image\/svg+xml,%3Csvg%20xmlns%3D%27http%3A%2F%2Fwww.w3.org%2F2000%2Fsvg%27%20width%3D%2748%27%20height%3D%2748%27%20viewBox%3D%270%200%2048%2048%27%3E%3Crect%20width%3D%2748%27%20height%3D%2748%27%20fill-opacity%3D%220%22%2F%3E%3C%2Fsvg%3E\" data-orig-src=\"http:\/\/new.ilcarrozziere.it\/wp-content\/uploads\/2014\/06\/pdf_download.png\" width=\"48\" height=\"48\" \/> <em>Scarica la guida in formato pdf<\/em><\/p>\n<h2>Come presentare un reclamo<\/h2>\n<p><strong>Chi pu\u00f2 presentarlo<\/strong><\/p>\n<p>Possono presentare reclamo gli utenti assicurativi (assicurati e\/o danneggiati) &#8211; sia persone fisiche che giuridiche &#8211; e le associazioni riconosciute per la rappresentanza degli interessi dei consumatori.<\/p>\n<p><strong>Su quali materie lo si pu\u00f2 presentare<\/strong><\/p>\n<p>Si possono presentare i reclami su:<\/p>\n<ul>\n<li>la mancata osservanza, da parte delle imprese di assicurazione e di riassicurazione, degli intermediari e dei periti assicurativi, delle disposizioni del Codice delle assicurazioni, delle relative norme di attuazione nonch\u00e9 delle norme sulla commercializzazione a distanza dei prodotti assicurativi;<\/li>\n<li>le liti transfrontaliere in materia di servizi finanziari per le quali si chiede l&#8217;attivazione della rete FIN-NET (risoluzioni extragiudiziali delle controversie).<\/li>\n<\/ul>\n<p><strong>Quando non lo si pu\u00f2 presentare<\/strong><\/p>\n<p>Quando il reclamo riguarda aspetti per i quali \u00e8 gi\u00e0 stata adita l&#8217;Autorit\u00e0 Giudiziaria.<\/p>\n<p><strong>A chi deve essere inviato<\/strong><\/p>\n<p>Il reclamo in prima battuta va inviato all&#8217;impresa che al suo interno \u00e8 dotata di una specifica funzione per la gestione dei reclami ricevuti, inclusi i riscontri ai reclamanti, il cui indirizzo \u00e8 reperibile nelle Note informative precontrattuali o nel sito dell&#8217;IVASS Uffici reclami delle imprese o accedendo al sito internet dell&#8217;impresa.<\/p>\n<p>Se l&#8217;impresa non fornisce risposta o la risposta \u00e8 insoddisfacente, in quanto non completa o non corretta, ci si pu\u00f2 rivolgere all&#8217;IVASS (si veda il successivo punto 5).<\/p>\n<p>Se il reclamo riguarda aspetti di trasparenza dei prodotti unit e index linked o delle operazioni di capitalizzazione va inviato alla CONSOB (via G.B. Martini, 3 &#8211; 00198 Roma); se, invece, riguarda forme di previdenza complementare va inviato alla COVIP (via in Arcione, 71 &#8211; 00187 Roma).<\/p>\n<p>Si sappia che: Il processo di gestione dei reclami da parte delle imprese \u00e8 stato regolamentato dall&#8217;IVASS che ha previsto, tra l&#8217;altro, un ampio coinvolgimento nel processo dell&#8217;organo amministrativo e di quello di controllo delle imprese.<br \/>\nLe imprese autorizzate ad operare in Italia, infatti, devono registrare tutti i reclami ricevuti in un archivio elettronico che viene aggiornato nel continuo con i dati relativi alla loro trattazione; le procedure di gestione vengono monitorate dal responsabile della revisione interna dell&#8217;impresa stessa. Almeno trimestralmente viene portata all&#8217;attenzione dell&#8217;organo amministrativo e di quello di controllo di ciascuna societ\u00e0 la situazione dei reclami unita alla relazione della revisione interna sulla correttezza delle procedure di gestione, al fine di una valutazione.<br \/>\nL&#8217;IVASS riceve una dettagliata informativa trimestrale, sulla base della quale interviene a fini di vigilanza sulle singole imprese e rilascia statistiche di mercato.<br \/>\nSi sappia, inoltre, che: Se in prima battuta il reclamo viene presentato all&#8217;IVASS, l&#8217;Autorit\u00e0 deve provvedere a trasmetterlo alle imprese, con l&#8217;effetto per l&#8217;utente di un allungamento dei tempi per il riscontro.<br \/>\nE&#8217; utile, invece, coinvolgere l&#8217;Autorit\u00e0 quando, come detto, la risposta dell&#8217;impresa non arriva nei termini o \u00e8 ritenuta dall&#8217;utente insoddisfacente in quanto non completa o non corretta.<br \/>\nIn questo caso, l&#8217;IVASS, ricevuto il reclamo, avvia l&#8217;attivit\u00e0 istruttoria, dandone notizia al reclamante entro 90 giorni; acquisisce notizie, se necessarie, da altri soggetti sui quali esercita la vigilanza, ivi incluse le imprese.<br \/>\nNella maggior parte dei casi l&#8217;IVASS chiede all&#8217;impresa di fornire al reclamante una risposta di merito e di trasmetterne copia all&#8217;Autorit\u00e0 in modo da poterne valutare il contenuto. Qualora il contenuto della risposta fornita dall&#8217;impresa al reclamante risulti completo e corretto, la procedura di reclamo si intende conclusa senza necessit\u00e0 di ulteriori comunicazioni. Qualora, invece, la risposta fornita dall&#8217;impresa risulti nel contenuto incompleta o scorretta l&#8217;IVASS interviene fornendo una apposita informativa al reclamante a conclusione dell&#8217;attivit\u00e0 istruttoria posta in essere.<br \/>\nIn tale ultimo caso, o per le istruttorie particolari in cui non viene chiesto all&#8217;impresa di fornire risposta al reclamante, l&#8217;IVASS comunica l&#8217;esito dell&#8217;attivit\u00e0 istruttoria entro il termine massimo di 120 giorni dalla data in cui ha ricevuto il reclamo. Il termine \u00e8 sospeso nei periodi di tempo necessari ad acquisire informazioni o dati dalle imprese.<br \/>\nL&#8217;Autorit\u00e0, qualora ravvisi da parte dei soggetti vigilati una violazione delle norme, avvia un procedimento sanzionatorio (amministrativo pecuniario o disciplinare), del cui esito d\u00e0 notizia nel proprio bollettino e nel sito internet.<\/p>\n<p><strong>In quanto tempo si ottiene una risposta<\/strong><\/p>\n<p>L&#8217;impresa deve fornire una risposta all&#8217;utente entro 45 giorni dal ricevimento del reclamo. Il mancato rispetto del termine &#8211; che si raccomanda di segnalare all&#8217;Autorit\u00e0 &#8211; \u00e8 oggetto di sanzione amministrativa pecuniaria da parte dell&#8217;IVASS.<br \/>\nNel caso in cui l&#8217;impresa non abbia fornito risposta nel termine di 45 giorni o la risposta sia incompleta o scorretta, l&#8217;IVASS, effettuata la necessaria istruttoria, da notizia dell&#8217;esito della stessa entro 120 giorni dal ricevimento del reclamo. Il termine \u00e8 sospeso nei periodi di tempo necessari ad acquisire informazioni o dati dalle imprese.<\/p>\n<p><strong>Come presentarlo (vedi facsimili allegati)<\/strong><\/p>\n<p>Il reclamo deve contenere i seguenti elementi essenziali: nome, cognome e domicilio del reclamante, denominazione dell&#8217;impresa, dell&#8217;intermediario o del perito di cui si lamenta l&#8217;operato, breve descrizione del motivo della lamentela ed ogni documento utile a descrivere compiutamente il fatto e le relative circostanze.<br \/>\nSe destinataria \u00e8 l&#8217;impresa (allegato 1), il reclamo deve essere inoltrato mediante posta, telefax o e-mail all&#8217;Ufficio reclami dell&#8217;impresa di assicurazione interessata, il cui indirizzo \u00e8 reperibile nelle Note informative precontrattuali o nel sito dell&#8217;IVASS Uffici reclami delle imprese o accedendo al sito internet dell&#8217;impresa.<br \/>\nSe invece \u00e8 indirizzato all&#8217;IVASS (allegato 2), il reclamo deve essere inviato all&#8217;Autorit\u00e0, in Via del Quirinale, 21 &#8211; 00187 Roma oppure trasmesso ai fax 06.42.133.745 o 06.42.133.353 e deve contenere copia del reclamo gi\u00e0 inoltrato all&#8217;impresa ed il relativo riscontro.<\/p>\n<p><strong>Cosa fare in caso di liti transfrontaliere<\/strong><\/p>\n<p>Il reclamo in questi casi pu\u00f2 essere presentato direttamente al sistema estero competente, ossia quello del Paese in cui ha sede l&#8217;impresa di assicurazione che ha stipulato il contratto (rintracciabile accedendo al sito: http:\/\/www.ec.europa.eu\/fin-net) o all&#8217;IVASS, che provvede lei stessa all&#8217;inoltro a detto sistema, dandone notizia al reclamante.<\/p>\n<p><strong>Come acquisire notizie sulla trattazione del reclamo gestito dalle imprese<\/strong><\/p>\n<p>Nelle note informative precontrattuali e nei siti internet delle imprese (l&#8217;indirizzo web \u00e8 anche reperibile sul sito dell&#8217;ISVAP) sono indicati gli uffici preposti ai reclami e i relativi recapiti ai quali rivolgersi.<br \/>\n<strong><br \/>\nCome acquisire notizie sulla trattazione del reclamo gestito dall&#8217;IVASS<\/strong><\/p>\n<p>L&#8217;IVASS ha attivo un Contact Center rivolto ai Consumatori per fornire informazioni e assistenza in materia assicurativa.<br \/>\nNumero Verde Contact Center Consumatori IVASS 800486661<\/p>\n<p>Per chiamate dall&#8217;estero +39.0642021095<\/p>\n<p>Quali sono le norme che regolano la presentazione e gestione dei reclami<br \/>\nLe fonti principali della normativa in materia di reclami sono il Codice delle Assicurazioni (d.lgs. 7 settembre 2005, n. 209) e il Regolamento IVASS n. 24 del 19 maggio 2008 (vedi allegato 3). <\/p>\n","protected":false},"excerpt":{"rendered":"<p>Guida ai reclami IVASS e alle assicurazioni Scarica la guida in formato pdf Come presentare un reclamo Chi pu\u00f2 presentarlo Possono presentare reclamo gli utenti assicurativi (assicurati e\/o danneggiati) &#8211; sia persone fisiche [&hellip;]<\/p>\n","protected":false},"author":1,"featured_media":0,"parent":0,"menu_order":0,"comment_status":"open","ping_status":"open","template":"","meta":[],"_links":{"self":[{"href":"https:\/\/ilcarrozziere.it\/blog\/wp-json\/wp\/v2\/pages\/8979"}],"collection":[{"href":"https:\/\/ilcarrozziere.it\/blog\/wp-json\/wp\/v2\/pages"}],"about":[{"href":"https:\/\/ilcarrozziere.it\/blog\/wp-json\/wp\/v2\/types\/page"}],"author":[{"embeddable":true,"href":"https:\/\/ilcarrozziere.it\/blog\/wp-json\/wp\/v2\/users\/1"}],"replies":[{"embeddable":true,"href":"https:\/\/ilcarrozziere.it\/blog\/wp-json\/wp\/v2\/comments?post=8979"}],"version-history":[{"count":11,"href":"https:\/\/ilcarrozziere.it\/blog\/wp-json\/wp\/v2\/pages\/8979\/revisions"}],"predecessor-version":[{"id":9012,"href":"https:\/\/ilcarrozziere.it\/blog\/wp-json\/wp\/v2\/pages\/8979\/revisions\/9012"}],"wp:attachment":[{"href":"https:\/\/ilcarrozziere.it\/blog\/wp-json\/wp\/v2\/media?parent=8979"}],"curies":[{"name":"wp","href":"https:\/\/api.w.org\/{rel}","templated":true}]}}